{"id":216,"date":"2023-05-30T14:03:35","date_gmt":"2023-05-30T17:03:35","guid":{"rendered":"https:\/\/eudenismoveis.com.br\/?page_id=216"},"modified":"2023-09-06T12:06:44","modified_gmt":"2023-09-06T15:06:44","slug":"sobre-nos","status":"publish","type":"page","link":"https:\/\/eudenismoveis.com.br\/index.php\/sobre-nos\/","title":{"rendered":"Sobre N\u00f3s"},"content":{"rendered":"\t\t<div data-elementor-type=\"wp-page\" data-elementor-id=\"216\" class=\"elementor elementor-216\" data-elementor-post-type=\"page\">\n\t\t\t\t\t\t<section class=\"elementor-section elementor-top-section elementor-element elementor-element-e00679e elementor-section-boxed elementor-section-height-default elementor-section-height-default\" data-id=\"e00679e\" data-element_type=\"section\" data-settings=\"{&quot;background_background&quot;:&quot;classic&quot;}\">\n\t\t\t\t\t\t\t<div class=\"elementor-background-overlay\"><\/div>\n\t\t\t\t\t\t\t<div class=\"elementor-container elementor-column-gap-default\">\n\t\t\t\t\t<div class=\"elementor-column elementor-col-100 elementor-top-column elementor-element elementor-element-46cbade9\" data-id=\"46cbade9\" data-element_type=\"column\" data-settings=\"{&quot;background_background&quot;:&quot;classic&quot;}\">\n\t\t\t<div class=\"elementor-widget-wrap elementor-element-populated\">\n\t\t\t\t\t\t<div class=\"elementor-element elementor-element-6b4a08f4 elementor-absolute elementor-invisible elementor-widget elementor-widget-heading\" data-id=\"6b4a08f4\" data-element_type=\"widget\" data-settings=\"{&quot;_position&quot;:&quot;absolute&quot;,&quot;_animation&quot;:&quot;fadeInUp&quot;}\" data-widget_type=\"heading.default\">\n\t\t\t\t<div class=\"elementor-widget-container\">\n\t\t\t\t\t<div class=\"elementor-heading-title elementor-size-default\">Eudenis M\u00f3veis<\/div>\t\t\t\t<\/div>\n\t\t\t\t<\/div>\n\t\t\t\t<section class=\"elementor-section elementor-inner-section elementor-element elementor-element-7e18fce elementor-section-boxed elementor-section-height-default elementor-section-height-default\" data-id=\"7e18fce\" data-element_type=\"section\">\n\t\t\t\t\t\t<div class=\"elementor-container elementor-column-gap-default\">\n\t\t\t\t\t<div class=\"elementor-column elementor-col-100 elementor-inner-column elementor-element elementor-element-62e5e77c\" data-id=\"62e5e77c\" data-element_type=\"column\">\n\t\t\t<div class=\"elementor-widget-wrap elementor-element-populated\">\n\t\t\t\t\t\t<div class=\"elementor-element elementor-element-7c5ee752 elementor-invisible elementor-widget elementor-widget-heading\" data-id=\"7c5ee752\" data-element_type=\"widget\" data-settings=\"{&quot;_animation&quot;:&quot;fadeInLeft&quot;}\" data-widget_type=\"heading.default\">\n\t\t\t\t<div class=\"elementor-widget-container\">\n\t\t\t\t\t<h1 class=\"elementor-heading-title elementor-size-default\">Eudenis M\u00f3veis<\/h1>\t\t\t\t<\/div>\n\t\t\t\t<\/div>\n\t\t\t\t<div class=\"elementor-element elementor-element-6ed73ed6 elementor-invisible elementor-widget elementor-widget-heading\" data-id=\"6ed73ed6\" data-element_type=\"widget\" data-settings=\"{&quot;_animation&quot;:&quot;fadeInRight&quot;}\" data-widget_type=\"heading.default\">\n\t\t\t\t<div class=\"elementor-widget-container\">\n\t\t\t\t\t<h4 class=\"elementor-heading-title elementor-size-default\">A excel\u00eancia do nosso acabamento esta em mais de 25 anos de trabalho\n<\/h4>\t\t\t\t<\/div>\n\t\t\t\t<\/div>\n\t\t\t\t\t<\/div>\n\t\t<\/div>\n\t\t\t\t\t<\/div>\n\t\t<\/section>\n\t\t\t\t\t<\/div>\n\t\t<\/div>\n\t\t\t\t\t<\/div>\n\t\t<\/section>\n\t\t\t\t<section class=\"elementor-section elementor-top-section elementor-element elementor-element-fc5b69d elementor-section-boxed elementor-section-height-default elementor-section-height-default\" data-id=\"fc5b69d\" data-element_type=\"section\">\n\t\t\t\t\t\t<div class=\"elementor-container elementor-column-gap-default\">\n\t\t\t\t\t<div class=\"elementor-column elementor-col-100 elementor-top-column elementor-element elementor-element-c33edba\" data-id=\"c33edba\" data-element_type=\"column\">\n\t\t\t<div class=\"elementor-widget-wrap elementor-element-populated\">\n\t\t\t\t\t\t<div class=\"elementor-element elementor-element-96bda96 elementor-widget elementor-widget-heading\" data-id=\"96bda96\" data-element_type=\"widget\" data-widget_type=\"heading.default\">\n\t\t\t\t<div class=\"elementor-widget-container\">\n\t\t\t\t\t<h4 class=\"elementor-heading-title elementor-size-default\">Conhe\u00e7a um pouco da nossa hist\u00f3ria <\/h4>\t\t\t\t<\/div>\n\t\t\t\t<\/div>\n\t\t\t\t<div class=\"elementor-element elementor-element-191227a elementor-widget elementor-widget-text-editor\" data-id=\"191227a\" data-element_type=\"widget\" data-widget_type=\"text-editor.default\">\n\t\t\t\t<div class=\"elementor-widget-container\">\n\t\t\t\t\t\t\t\t\t<p>A Eudenis m\u00f3veis dedica-se \u00e0 inova\u00e7\u00e3o e somos\u00a0 comprometidos a oferecer solu\u00e7\u00f5es excepcionais para nossos clientes. Ao longo de mais de 25 anos, constru\u00edmos uma reputa\u00e7\u00e3o s\u00f3lida e confi\u00e1vel no mercado, buscando constantemente a excel\u00eancia em tudo o que fazemos.<\/p><p>Contamos com uma equipe de profissionais excepcionais, prontos para enfrentar desafios e entregar resultados extraordin\u00e1rios. Trabalhamos em conjunto, colaborando e empresa compartilhando conhecimentos, para prestar o melhor atendimento.<\/p><p>Al\u00e9m disso, somos comprometidos com a responsabilidade social e ambiental, agimos de forma \u00e9tica e sustent\u00e1vel, minimizando nosso impacto no meio ambiente e contribuindo para o bem-estar das comunidades.<\/p><p>Acesse nosso site para descobrir mais sobre nossos produtos e servi\u00e7os. Temos certeza de que encontrar\u00e1 solu\u00e7\u00f5es personalizadas que atendam \u00e0s suas necessidades. Nossa equipe est\u00e1 pronta para te orientar da melhor forma.<\/p><p>\u00c9 um prazer nosso imenso sua visita em nosso site,\u00a0 esperamos ter a oportunidade de colaborar com voc\u00ea em breve. Juntos, podemos trilhar um caminho de sucesso e conquistas extraordin\u00e1rias.<\/p>\t\t\t\t\t\t\t\t<\/div>\n\t\t\t\t<\/div>\n\t\t\t\t\t<\/div>\n\t\t<\/div>\n\t\t\t\t\t<\/div>\n\t\t<\/section>\n\t\t\t\t<\/div>\n\t\t","protected":false},"excerpt":{"rendered":"<p>Eudenis M\u00f3veis Eudenis M\u00f3veis A excel\u00eancia do nosso acabamento esta em mais de 25 anos de trabalho Conhe\u00e7a um pouco da nossa hist\u00f3ria A Eudenis m\u00f3veis dedica-se \u00e0 inova\u00e7\u00e3o e somos\u00a0 comprometidos a oferecer solu\u00e7\u00f5es excepcionais para nossos clientes. Ao longo de mais de 25 anos, constru\u00edmos uma reputa\u00e7\u00e3o s\u00f3lida e confi\u00e1vel no mercado, buscando [&hellip;]<\/p>\n","protected":false},"author":1,"featured_media":0,"parent":0,"menu_order":0,"comment_status":"closed","ping_status":"closed","template":"elementor_header_footer","meta":{"footnotes":""},"yoast_head":"<!-- This site is optimized with the Yoast SEO plugin v21.1 - https:\/\/yoast.com\/wordpress\/plugins\/seo\/ -->\n<title>Sobre N\u00f3s - Eudenis M\u00f3veis R\u00fasticos<\/title>\n<meta name=\"description\" content=\"A Eudenis m\u00f3veis dedica-se \u00e0 inova\u00e7\u00e3o e somos comprometidos a oferecer solu\u00e7\u00f5es excepcionais para nossos clientes. Ao longo de mais de 25 anos, constru\u00edmos uma reputa\u00e7\u00e3o s\u00f3lida e confi\u00e1vel no mercado, buscando constantemente a excel\u00eancia em tudo o que fazemos.Contamos com uma equipe de profissionais excepcionais, prontos para enfrentar desafios e entregar resultados extraordin\u00e1rios. Trabalhamos em conjunto, colaborando e empresa compartilhando conhecimentos, para prestar o melhor atendimento.Al\u00e9m disso, somos comprometidos com a responsabilidade social e ambiental, agimos de forma \u00e9tica e sustent\u00e1vel, minimizando nosso impacto no meio ambiente e contribuindo para o bem-estar das comunidades.\" \/>\n<meta name=\"robots\" content=\"index, follow, max-snippet:-1, max-image-preview:large, max-video-preview:-1\" \/>\n<link rel=\"canonical\" href=\"https:\/\/eudenismoveis.com.br\/index.php\/sobre-nos\/\" \/>\n<meta property=\"og:locale\" content=\"pt_BR\" \/>\n<meta property=\"og:type\" content=\"article\" \/>\n<meta property=\"og:title\" content=\"Sobre N\u00f3s - Eudenis M\u00f3veis R\u00fasticos\" \/>\n<meta property=\"og:description\" content=\"A Eudenis m\u00f3veis dedica-se \u00e0 inova\u00e7\u00e3o e somos comprometidos a oferecer solu\u00e7\u00f5es excepcionais para nossos clientes. Ao longo de mais de 25 anos, constru\u00edmos uma reputa\u00e7\u00e3o s\u00f3lida e confi\u00e1vel no mercado, buscando constantemente a excel\u00eancia em tudo o que fazemos.Contamos com uma equipe de profissionais excepcionais, prontos para enfrentar desafios e entregar resultados extraordin\u00e1rios. Trabalhamos em conjunto, colaborando e empresa compartilhando conhecimentos, para prestar o melhor atendimento.Al\u00e9m disso, somos comprometidos com a responsabilidade social e ambiental, agimos de forma \u00e9tica e sustent\u00e1vel, minimizando nosso impacto no meio ambiente e contribuindo para o bem-estar das comunidades.\" \/>\n<meta property=\"og:url\" content=\"https:\/\/eudenismoveis.com.br\/index.php\/sobre-nos\/\" \/>\n<meta property=\"og:site_name\" content=\"Eudenis M\u00f3veis R\u00fasticos\" \/>\n<meta property=\"article:modified_time\" content=\"2023-09-06T15:06:44+00:00\" \/>\n<meta name=\"twitter:card\" content=\"summary_large_image\" \/>\n<meta name=\"twitter:label1\" content=\"Est. tempo de leitura\" \/>\n\t<meta name=\"twitter:data1\" content=\"2 minutos\" \/>\n<script type=\"application\/ld+json\" class=\"yoast-schema-graph\">{\"@context\":\"https:\/\/schema.org\",\"@graph\":[{\"@type\":\"WebPage\",\"@id\":\"https:\/\/eudenismoveis.com.br\/index.php\/sobre-nos\/\",\"url\":\"https:\/\/eudenismoveis.com.br\/index.php\/sobre-nos\/\",\"name\":\"Sobre N\u00f3s - Eudenis M\u00f3veis R\u00fasticos\",\"isPartOf\":{\"@id\":\"https:\/\/eudenismoveis.com.br\/#website\"},\"datePublished\":\"2023-05-30T17:03:35+00:00\",\"dateModified\":\"2023-09-06T15:06:44+00:00\",\"description\":\"A Eudenis m\u00f3veis dedica-se \u00e0 inova\u00e7\u00e3o e somos comprometidos a oferecer solu\u00e7\u00f5es excepcionais para nossos clientes. Ao longo de mais de 25 anos, constru\u00edmos uma reputa\u00e7\u00e3o s\u00f3lida e confi\u00e1vel no mercado, buscando constantemente a excel\u00eancia em tudo o que fazemos.Contamos com uma equipe de profissionais excepcionais, prontos para enfrentar desafios e entregar resultados extraordin\u00e1rios. Trabalhamos em conjunto, colaborando e empresa compartilhando conhecimentos, para prestar o melhor atendimento.Al\u00e9m disso, somos comprometidos com a responsabilidade social e ambiental, agimos de forma \u00e9tica e sustent\u00e1vel, minimizando nosso impacto no meio ambiente e contribuindo para o bem-estar das comunidades.\",\"breadcrumb\":{\"@id\":\"https:\/\/eudenismoveis.com.br\/index.php\/sobre-nos\/#breadcrumb\"},\"inLanguage\":\"pt-BR\",\"potentialAction\":[{\"@type\":\"ReadAction\",\"target\":[\"https:\/\/eudenismoveis.com.br\/index.php\/sobre-nos\/\"]}]},{\"@type\":\"BreadcrumbList\",\"@id\":\"https:\/\/eudenismoveis.com.br\/index.php\/sobre-nos\/#breadcrumb\",\"itemListElement\":[{\"@type\":\"ListItem\",\"position\":1,\"name\":\"In\u00edcio\",\"item\":\"https:\/\/eudenismoveis.com.br\/\"},{\"@type\":\"ListItem\",\"position\":2,\"name\":\"Sobre N\u00f3s\"}]},{\"@type\":\"WebSite\",\"@id\":\"https:\/\/eudenismoveis.com.br\/#website\",\"url\":\"https:\/\/eudenismoveis.com.br\/\",\"name\":\"Eudenis M\u00f3veis R\u00fasticos\",\"description\":\"M\u00f3veis R\u00fasticos - Mesas, Cadeiras, Lumin\u00e1rias e Outros\",\"publisher\":{\"@id\":\"https:\/\/eudenismoveis.com.br\/#organization\"},\"potentialAction\":[{\"@type\":\"SearchAction\",\"target\":{\"@type\":\"EntryPoint\",\"urlTemplate\":\"https:\/\/eudenismoveis.com.br\/?s={search_term_string}\"},\"query-input\":\"required name=search_term_string\"}],\"inLanguage\":\"pt-BR\"},{\"@type\":\"Organization\",\"@id\":\"https:\/\/eudenismoveis.com.br\/#organization\",\"name\":\"Eudenis M\u00f3veis R\u00fasticos\",\"url\":\"https:\/\/eudenismoveis.com.br\/\",\"logo\":{\"@type\":\"ImageObject\",\"inLanguage\":\"pt-BR\",\"@id\":\"https:\/\/eudenismoveis.com.br\/#\/schema\/logo\/image\/\",\"url\":\"https:\/\/eudenismoveis.com.br\/wp-content\/uploads\/2023\/09\/vazada5.png\",\"contentUrl\":\"https:\/\/eudenismoveis.com.br\/wp-content\/uploads\/2023\/09\/vazada5.png\",\"width\":707,\"height\":706,\"caption\":\"Eudenis M\u00f3veis R\u00fasticos\"},\"image\":{\"@id\":\"https:\/\/eudenismoveis.com.br\/#\/schema\/logo\/image\/\"}}]}<\/script>\n<!-- \/ Yoast SEO plugin. -->","yoast_head_json":{"title":"Sobre N\u00f3s - Eudenis M\u00f3veis R\u00fasticos","description":"A Eudenis m\u00f3veis dedica-se \u00e0 inova\u00e7\u00e3o e somos comprometidos a oferecer solu\u00e7\u00f5es excepcionais para nossos clientes. Ao longo de mais de 25 anos, constru\u00edmos uma reputa\u00e7\u00e3o s\u00f3lida e confi\u00e1vel no mercado, buscando constantemente a excel\u00eancia em tudo o que fazemos.Contamos com uma equipe de profissionais excepcionais, prontos para enfrentar desafios e entregar resultados extraordin\u00e1rios. Trabalhamos em conjunto, colaborando e empresa compartilhando conhecimentos, para prestar o melhor atendimento.Al\u00e9m disso, somos comprometidos com a responsabilidade social e ambiental, agimos de forma \u00e9tica e sustent\u00e1vel, minimizando nosso impacto no meio ambiente e contribuindo para o bem-estar das comunidades.","robots":{"index":"index","follow":"follow","max-snippet":"max-snippet:-1","max-image-preview":"max-image-preview:large","max-video-preview":"max-video-preview:-1"},"canonical":"https:\/\/eudenismoveis.com.br\/index.php\/sobre-nos\/","og_locale":"pt_BR","og_type":"article","og_title":"Sobre N\u00f3s - Eudenis M\u00f3veis R\u00fasticos","og_description":"A Eudenis m\u00f3veis dedica-se \u00e0 inova\u00e7\u00e3o e somos comprometidos a oferecer solu\u00e7\u00f5es excepcionais para nossos clientes. Ao longo de mais de 25 anos, constru\u00edmos uma reputa\u00e7\u00e3o s\u00f3lida e confi\u00e1vel no mercado, buscando constantemente a excel\u00eancia em tudo o que fazemos.Contamos com uma equipe de profissionais excepcionais, prontos para enfrentar desafios e entregar resultados extraordin\u00e1rios. Trabalhamos em conjunto, colaborando e empresa compartilhando conhecimentos, para prestar o melhor atendimento.Al\u00e9m disso, somos comprometidos com a responsabilidade social e ambiental, agimos de forma \u00e9tica e sustent\u00e1vel, minimizando nosso impacto no meio ambiente e contribuindo para o bem-estar das comunidades.","og_url":"https:\/\/eudenismoveis.com.br\/index.php\/sobre-nos\/","og_site_name":"Eudenis M\u00f3veis R\u00fasticos","article_modified_time":"2023-09-06T15:06:44+00:00","twitter_card":"summary_large_image","twitter_misc":{"Est. tempo de leitura":"2 minutos"},"schema":{"@context":"https:\/\/schema.org","@graph":[{"@type":"WebPage","@id":"https:\/\/eudenismoveis.com.br\/index.php\/sobre-nos\/","url":"https:\/\/eudenismoveis.com.br\/index.php\/sobre-nos\/","name":"Sobre N\u00f3s - Eudenis M\u00f3veis R\u00fasticos","isPartOf":{"@id":"https:\/\/eudenismoveis.com.br\/#website"},"datePublished":"2023-05-30T17:03:35+00:00","dateModified":"2023-09-06T15:06:44+00:00","description":"A Eudenis m\u00f3veis dedica-se \u00e0 inova\u00e7\u00e3o e somos comprometidos a oferecer solu\u00e7\u00f5es excepcionais para nossos clientes. Ao longo de mais de 25 anos, constru\u00edmos uma reputa\u00e7\u00e3o s\u00f3lida e confi\u00e1vel no mercado, buscando constantemente a excel\u00eancia em tudo o que fazemos.Contamos com uma equipe de profissionais excepcionais, prontos para enfrentar desafios e entregar resultados extraordin\u00e1rios. Trabalhamos em conjunto, colaborando e empresa compartilhando conhecimentos, para prestar o melhor atendimento.Al\u00e9m disso, somos comprometidos com a responsabilidade social e ambiental, agimos de forma \u00e9tica e sustent\u00e1vel, minimizando nosso impacto no meio ambiente e contribuindo para o bem-estar das comunidades.","breadcrumb":{"@id":"https:\/\/eudenismoveis.com.br\/index.php\/sobre-nos\/#breadcrumb"},"inLanguage":"pt-BR","potentialAction":[{"@type":"ReadAction","target":["https:\/\/eudenismoveis.com.br\/index.php\/sobre-nos\/"]}]},{"@type":"BreadcrumbList","@id":"https:\/\/eudenismoveis.com.br\/index.php\/sobre-nos\/#breadcrumb","itemListElement":[{"@type":"ListItem","position":1,"name":"In\u00edcio","item":"https:\/\/eudenismoveis.com.br\/"},{"@type":"ListItem","position":2,"name":"Sobre N\u00f3s"}]},{"@type":"WebSite","@id":"https:\/\/eudenismoveis.com.br\/#website","url":"https:\/\/eudenismoveis.com.br\/","name":"Eudenis M\u00f3veis R\u00fasticos","description":"M\u00f3veis R\u00fasticos - Mesas, Cadeiras, Lumin\u00e1rias e Outros","publisher":{"@id":"https:\/\/eudenismoveis.com.br\/#organization"},"potentialAction":[{"@type":"SearchAction","target":{"@type":"EntryPoint","urlTemplate":"https:\/\/eudenismoveis.com.br\/?s={search_term_string}"},"query-input":"required name=search_term_string"}],"inLanguage":"pt-BR"},{"@type":"Organization","@id":"https:\/\/eudenismoveis.com.br\/#organization","name":"Eudenis M\u00f3veis R\u00fasticos","url":"https:\/\/eudenismoveis.com.br\/","logo":{"@type":"ImageObject","inLanguage":"pt-BR","@id":"https:\/\/eudenismoveis.com.br\/#\/schema\/logo\/image\/","url":"https:\/\/eudenismoveis.com.br\/wp-content\/uploads\/2023\/09\/vazada5.png","contentUrl":"https:\/\/eudenismoveis.com.br\/wp-content\/uploads\/2023\/09\/vazada5.png","width":707,"height":706,"caption":"Eudenis M\u00f3veis R\u00fasticos"},"image":{"@id":"https:\/\/eudenismoveis.com.br\/#\/schema\/logo\/image\/"}}]}},"_links":{"self":[{"href":"https:\/\/eudenismoveis.com.br\/index.php\/wp-json\/wp\/v2\/pages\/216"}],"collection":[{"href":"https:\/\/eudenismoveis.com.br\/index.php\/wp-json\/wp\/v2\/pages"}],"about":[{"href":"https:\/\/eudenismoveis.com.br\/index.php\/wp-json\/wp\/v2\/types\/page"}],"author":[{"embeddable":true,"href":"https:\/\/eudenismoveis.com.br\/index.php\/wp-json\/wp\/v2\/users\/1"}],"replies":[{"embeddable":true,"href":"https:\/\/eudenismoveis.com.br\/index.php\/wp-json\/wp\/v2\/comments?post=216"}],"version-history":[{"count":35,"href":"https:\/\/eudenismoveis.com.br\/index.php\/wp-json\/wp\/v2\/pages\/216\/revisions"}],"predecessor-version":[{"id":924,"href":"https:\/\/eudenismoveis.com.br\/index.php\/wp-json\/wp\/v2\/pages\/216\/revisions\/924"}],"wp:attachment":[{"href":"https:\/\/eudenismoveis.com.br\/index.php\/wp-json\/wp\/v2\/media?parent=216"}],"curies":[{"name":"wp","href":"https:\/\/api.w.org\/{rel}","templated":true}]}}