{"id":783,"date":"2023-06-19T09:04:28","date_gmt":"2023-06-19T12:04:28","guid":{"rendered":"https:\/\/eudenismoveis.com.br\/?post_type=product&#038;p=783"},"modified":"2023-06-19T09:04:28","modified_gmt":"2023-06-19T12:04:28","slug":"luminaria-tronco-organico","status":"publish","type":"product","link":"https:\/\/eudenismoveis.com.br\/index.php\/product\/luminaria-tronco-organico\/","title":{"rendered":"luminaria tronco organico"},"content":{"rendered":"<p>Uma lumin\u00e1ria de tronco org\u00e2nico \u00e9 uma pe\u00e7a de ilumina\u00e7\u00e3o que utiliza um tronco de \u00e1rvore natural como base ou elemento principal do design. Essas lumin\u00e1rias s\u00e3o conhecidas por sua est\u00e9tica r\u00fastica e \u00fanica, trazendo a beleza da natureza para os espa\u00e7os internos.<\/p>\n","protected":false},"excerpt":{"rendered":"<p>Uma lumin\u00e1ria de tronco org\u00e2nico \u00e9 uma pe\u00e7a de ilumina\u00e7\u00e3o que utiliza um tronco de \u00e1rvore natural como base ou elemento principal do design. Essas lumin\u00e1rias s\u00e3o conhecidas por sua est\u00e9tica r\u00fastica e \u00fanica, trazendo a beleza da natureza para os espa\u00e7os internos.<\/p>\n","protected":false},"featured_media":784,"comment_status":"open","ping_status":"closed","template":"","meta":[],"product_cat":[39],"product_tag":[],"yoast_head":"<!-- This site is optimized with the Yoast SEO plugin v21.1 - https:\/\/yoast.com\/wordpress\/plugins\/seo\/ -->\n<title>luminaria tronco organico - Eudenis M\u00f3veis R\u00fasticos<\/title>\n<meta name=\"robots\" content=\"index, follow, max-snippet:-1, max-image-preview:large, max-video-preview:-1\" \/>\n<link rel=\"canonical\" href=\"https:\/\/eudenismoveis.com.br\/index.php\/product\/luminaria-tronco-organico\/\" \/>\n<meta property=\"og:locale\" content=\"pt_BR\" \/>\n<meta property=\"og:type\" content=\"article\" \/>\n<meta property=\"og:title\" content=\"luminaria tronco organico - Eudenis M\u00f3veis R\u00fasticos\" \/>\n<meta property=\"og:description\" content=\"Uma lumin\u00e1ria de tronco org\u00e2nico \u00e9 uma pe\u00e7a de ilumina\u00e7\u00e3o que utiliza um tronco de \u00e1rvore natural como base ou elemento principal do design. Essas lumin\u00e1rias s\u00e3o conhecidas por sua est\u00e9tica r\u00fastica e \u00fanica, trazendo a beleza da natureza para os espa\u00e7os internos.\" \/>\n<meta property=\"og:url\" content=\"https:\/\/eudenismoveis.com.br\/index.php\/product\/luminaria-tronco-organico\/\" \/>\n<meta property=\"og:site_name\" content=\"Eudenis M\u00f3veis R\u00fasticos\" \/>\n<meta property=\"og:image\" content=\"https:\/\/eudenismoveis.com.br\/wp-content\/uploads\/2023\/06\/luminaria-tronco-organico-eudenis-moveis-.jpg\" \/>\n\t<meta property=\"og:image:width\" content=\"1024\" \/>\n\t<meta property=\"og:image:height\" content=\"768\" \/>\n\t<meta property=\"og:image:type\" content=\"image\/jpeg\" \/>\n<meta name=\"twitter:card\" content=\"summary_large_image\" \/>\n<script type=\"application\/ld+json\" class=\"yoast-schema-graph\">{\"@context\":\"https:\/\/schema.org\",\"@graph\":[{\"@type\":\"WebPage\",\"@id\":\"https:\/\/eudenismoveis.com.br\/index.php\/product\/luminaria-tronco-organico\/\",\"url\":\"https:\/\/eudenismoveis.com.br\/index.php\/product\/luminaria-tronco-organico\/\",\"name\":\"luminaria tronco organico - Eudenis M\u00f3veis R\u00fasticos\",\"isPartOf\":{\"@id\":\"https:\/\/eudenismoveis.com.br\/#website\"},\"datePublished\":\"2023-06-19T12:04:28+00:00\",\"dateModified\":\"2023-06-19T12:04:28+00:00\",\"breadcrumb\":{\"@id\":\"https:\/\/eudenismoveis.com.br\/index.php\/product\/luminaria-tronco-organico\/#breadcrumb\"},\"inLanguage\":\"pt-BR\",\"potentialAction\":[{\"@type\":\"ReadAction\",\"target\":[\"https:\/\/eudenismoveis.com.br\/index.php\/product\/luminaria-tronco-organico\/\"]}]},{\"@type\":\"BreadcrumbList\",\"@id\":\"https:\/\/eudenismoveis.com.br\/index.php\/product\/luminaria-tronco-organico\/#breadcrumb\",\"itemListElement\":[{\"@type\":\"ListItem\",\"position\":1,\"name\":\"In\u00edcio\",\"item\":\"https:\/\/eudenismoveis.com.br\/\"},{\"@type\":\"ListItem\",\"position\":2,\"name\":\"Produtos\",\"item\":\"https:\/\/eudenismoveis.com.br\/?page_id=10\"},{\"@type\":\"ListItem\",\"position\":3,\"name\":\"luminaria tronco organico\"}]},{\"@type\":\"WebSite\",\"@id\":\"https:\/\/eudenismoveis.com.br\/#website\",\"url\":\"https:\/\/eudenismoveis.com.br\/\",\"name\":\"Eudenis M\u00f3veis R\u00fasticos\",\"description\":\"M\u00f3veis R\u00fasticos - Mesas, Cadeiras, Lumin\u00e1rias e Outros\",\"publisher\":{\"@id\":\"https:\/\/eudenismoveis.com.br\/#organization\"},\"potentialAction\":[{\"@type\":\"SearchAction\",\"target\":{\"@type\":\"EntryPoint\",\"urlTemplate\":\"https:\/\/eudenismoveis.com.br\/?s={search_term_string}\"},\"query-input\":\"required name=search_term_string\"}],\"inLanguage\":\"pt-BR\"},{\"@type\":\"Organization\",\"@id\":\"https:\/\/eudenismoveis.com.br\/#organization\",\"name\":\"Eudenis M\u00f3veis R\u00fasticos\",\"url\":\"https:\/\/eudenismoveis.com.br\/\",\"logo\":{\"@type\":\"ImageObject\",\"inLanguage\":\"pt-BR\",\"@id\":\"https:\/\/eudenismoveis.com.br\/#\/schema\/logo\/image\/\",\"url\":\"https:\/\/eudenismoveis.com.br\/wp-content\/uploads\/2023\/09\/vazada5.png\",\"contentUrl\":\"https:\/\/eudenismoveis.com.br\/wp-content\/uploads\/2023\/09\/vazada5.png\",\"width\":707,\"height\":706,\"caption\":\"Eudenis M\u00f3veis R\u00fasticos\"},\"image\":{\"@id\":\"https:\/\/eudenismoveis.com.br\/#\/schema\/logo\/image\/\"}}]}<\/script>\n<!-- \/ Yoast SEO plugin. -->","yoast_head_json":{"title":"luminaria tronco organico - Eudenis M\u00f3veis R\u00fasticos","robots":{"index":"index","follow":"follow","max-snippet":"max-snippet:-1","max-image-preview":"max-image-preview:large","max-video-preview":"max-video-preview:-1"},"canonical":"https:\/\/eudenismoveis.com.br\/index.php\/product\/luminaria-tronco-organico\/","og_locale":"pt_BR","og_type":"article","og_title":"luminaria tronco organico - Eudenis M\u00f3veis R\u00fasticos","og_description":"Uma lumin\u00e1ria de tronco org\u00e2nico \u00e9 uma pe\u00e7a de ilumina\u00e7\u00e3o que utiliza um tronco de \u00e1rvore natural como base ou elemento principal do design. Essas lumin\u00e1rias s\u00e3o conhecidas por sua est\u00e9tica r\u00fastica e \u00fanica, trazendo a beleza da natureza para os espa\u00e7os internos.","og_url":"https:\/\/eudenismoveis.com.br\/index.php\/product\/luminaria-tronco-organico\/","og_site_name":"Eudenis M\u00f3veis R\u00fasticos","og_image":[{"width":1024,"height":768,"url":"https:\/\/eudenismoveis.com.br\/wp-content\/uploads\/2023\/06\/luminaria-tronco-organico-eudenis-moveis-.jpg","type":"image\/jpeg"}],"twitter_card":"summary_large_image","schema":{"@context":"https:\/\/schema.org","@graph":[{"@type":"WebPage","@id":"https:\/\/eudenismoveis.com.br\/index.php\/product\/luminaria-tronco-organico\/","url":"https:\/\/eudenismoveis.com.br\/index.php\/product\/luminaria-tronco-organico\/","name":"luminaria tronco organico - Eudenis M\u00f3veis R\u00fasticos","isPartOf":{"@id":"https:\/\/eudenismoveis.com.br\/#website"},"datePublished":"2023-06-19T12:04:28+00:00","dateModified":"2023-06-19T12:04:28+00:00","breadcrumb":{"@id":"https:\/\/eudenismoveis.com.br\/index.php\/product\/luminaria-tronco-organico\/#breadcrumb"},"inLanguage":"pt-BR","potentialAction":[{"@type":"ReadAction","target":["https:\/\/eudenismoveis.com.br\/index.php\/product\/luminaria-tronco-organico\/"]}]},{"@type":"BreadcrumbList","@id":"https:\/\/eudenismoveis.com.br\/index.php\/product\/luminaria-tronco-organico\/#breadcrumb","itemListElement":[{"@type":"ListItem","position":1,"name":"In\u00edcio","item":"https:\/\/eudenismoveis.com.br\/"},{"@type":"ListItem","position":2,"name":"Produtos","item":"https:\/\/eudenismoveis.com.br\/?page_id=10"},{"@type":"ListItem","position":3,"name":"luminaria tronco organico"}]},{"@type":"WebSite","@id":"https:\/\/eudenismoveis.com.br\/#website","url":"https:\/\/eudenismoveis.com.br\/","name":"Eudenis M\u00f3veis R\u00fasticos","description":"M\u00f3veis R\u00fasticos - Mesas, Cadeiras, Lumin\u00e1rias e Outros","publisher":{"@id":"https:\/\/eudenismoveis.com.br\/#organization"},"potentialAction":[{"@type":"SearchAction","target":{"@type":"EntryPoint","urlTemplate":"https:\/\/eudenismoveis.com.br\/?s={search_term_string}"},"query-input":"required name=search_term_string"}],"inLanguage":"pt-BR"},{"@type":"Organization","@id":"https:\/\/eudenismoveis.com.br\/#organization","name":"Eudenis M\u00f3veis R\u00fasticos","url":"https:\/\/eudenismoveis.com.br\/","logo":{"@type":"ImageObject","inLanguage":"pt-BR","@id":"https:\/\/eudenismoveis.com.br\/#\/schema\/logo\/image\/","url":"https:\/\/eudenismoveis.com.br\/wp-content\/uploads\/2023\/09\/vazada5.png","contentUrl":"https:\/\/eudenismoveis.com.br\/wp-content\/uploads\/2023\/09\/vazada5.png","width":707,"height":706,"caption":"Eudenis M\u00f3veis R\u00fasticos"},"image":{"@id":"https:\/\/eudenismoveis.com.br\/#\/schema\/logo\/image\/"}}]}},"_links":{"self":[{"href":"https:\/\/eudenismoveis.com.br\/index.php\/wp-json\/wp\/v2\/product\/783"}],"collection":[{"href":"https:\/\/eudenismoveis.com.br\/index.php\/wp-json\/wp\/v2\/product"}],"about":[{"href":"https:\/\/eudenismoveis.com.br\/index.php\/wp-json\/wp\/v2\/types\/product"}],"replies":[{"embeddable":true,"href":"https:\/\/eudenismoveis.com.br\/index.php\/wp-json\/wp\/v2\/comments?post=783"}],"version-history":[{"count":0,"href":"https:\/\/eudenismoveis.com.br\/index.php\/wp-json\/wp\/v2\/product\/783\/revisions"}],"wp:featuredmedia":[{"embeddable":true,"href":"https:\/\/eudenismoveis.com.br\/index.php\/wp-json\/wp\/v2\/media\/784"}],"wp:attachment":[{"href":"https:\/\/eudenismoveis.com.br\/index.php\/wp-json\/wp\/v2\/media?parent=783"}],"wp:term":[{"taxonomy":"product_cat","embeddable":true,"href":"https:\/\/eudenismoveis.com.br\/index.php\/wp-json\/wp\/v2\/product_cat?post=783"},{"taxonomy":"product_tag","embeddable":true,"href":"https:\/\/eudenismoveis.com.br\/index.php\/wp-json\/wp\/v2\/product_tag?post=783"}],"curies":[{"name":"wp","href":"https:\/\/api.w.org\/{rel}","templated":true}]}}