{"id":829,"date":"2023-06-19T09:23:34","date_gmt":"2023-06-19T12:23:34","guid":{"rendered":"https:\/\/eudenismoveis.com.br\/?post_type=product&#038;p=829"},"modified":"2023-06-19T09:23:34","modified_gmt":"2023-06-19T12:23:34","slug":"aparador-com-pe-hairpin","status":"publish","type":"product","link":"https:\/\/eudenismoveis.com.br\/index.php\/product\/aparador-com-pe-hairpin\/","title":{"rendered":"Aparador com p\u00e9 hairpin"},"content":{"rendered":"<p>Um aparador com p\u00e9 hairpin \u00e9 um m\u00f3vel que combina o estilo r\u00fastico com um suporte em forma de &#8220;hairpin&#8221;. Os p\u00e9s hairpin s\u00e3o caracterizados por sua estrutura met\u00e1lica em forma de pernas finas e retas, lembrando o formato de um grampo de cabelo. Esses p\u00e9s conferem ao aparador um visual industrial, moderno e elegante. Aqui est\u00e3o algumas caracter\u00edsticas t\u00edpicas de um aparador com p\u00e9 hairpin<\/p>\n","protected":false},"excerpt":{"rendered":"<p>Um aparador com p\u00e9 hairpin \u00e9 um m\u00f3vel que combina o estilo r\u00fastico com um suporte em forma de &#8220;hairpin&#8221;. Os p\u00e9s hairpin s\u00e3o caracterizados por sua estrutura met\u00e1lica em forma de pernas finas e retas, lembrando o formato de um grampo de cabelo. Esses p\u00e9s conferem ao aparador um visual industrial, moderno e elegante. [&hellip;]<\/p>\n","protected":false},"featured_media":832,"comment_status":"open","ping_status":"closed","template":"","meta":[],"product_cat":[34],"product_tag":[],"yoast_head":"<!-- This site is optimized with the Yoast SEO plugin v21.1 - https:\/\/yoast.com\/wordpress\/plugins\/seo\/ -->\n<title>Aparador com p\u00e9 hairpin - Eudenis M\u00f3veis R\u00fasticos<\/title>\n<meta name=\"robots\" content=\"index, follow, max-snippet:-1, max-image-preview:large, max-video-preview:-1\" \/>\n<link rel=\"canonical\" href=\"https:\/\/eudenismoveis.com.br\/index.php\/product\/aparador-com-pe-hairpin\/\" \/>\n<meta property=\"og:locale\" content=\"pt_BR\" \/>\n<meta property=\"og:type\" content=\"article\" \/>\n<meta property=\"og:title\" content=\"Aparador com p\u00e9 hairpin - Eudenis M\u00f3veis R\u00fasticos\" \/>\n<meta property=\"og:description\" content=\"Um aparador com p\u00e9 hairpin \u00e9 um m\u00f3vel que combina o estilo r\u00fastico com um suporte em forma de &#8220;hairpin&#8221;. Os p\u00e9s hairpin s\u00e3o caracterizados por sua estrutura met\u00e1lica em forma de pernas finas e retas, lembrando o formato de um grampo de cabelo. Esses p\u00e9s conferem ao aparador um visual industrial, moderno e elegante. [&hellip;]\" \/>\n<meta property=\"og:url\" content=\"https:\/\/eudenismoveis.com.br\/index.php\/product\/aparador-com-pe-hairpin\/\" \/>\n<meta property=\"og:site_name\" content=\"Eudenis M\u00f3veis R\u00fasticos\" \/>\n<meta property=\"og:image\" content=\"https:\/\/eudenismoveis.com.br\/wp-content\/uploads\/2023\/06\/Aparador-com-pe-hairpin-2.jpg\" \/>\n\t<meta property=\"og:image:width\" content=\"1024\" \/>\n\t<meta property=\"og:image:height\" content=\"768\" \/>\n\t<meta property=\"og:image:type\" content=\"image\/jpeg\" \/>\n<meta name=\"twitter:card\" content=\"summary_large_image\" \/>\n<script type=\"application\/ld+json\" class=\"yoast-schema-graph\">{\"@context\":\"https:\/\/schema.org\",\"@graph\":[{\"@type\":\"WebPage\",\"@id\":\"https:\/\/eudenismoveis.com.br\/index.php\/product\/aparador-com-pe-hairpin\/\",\"url\":\"https:\/\/eudenismoveis.com.br\/index.php\/product\/aparador-com-pe-hairpin\/\",\"name\":\"Aparador com p\u00e9 hairpin - Eudenis M\u00f3veis R\u00fasticos\",\"isPartOf\":{\"@id\":\"https:\/\/eudenismoveis.com.br\/#website\"},\"datePublished\":\"2023-06-19T12:23:34+00:00\",\"dateModified\":\"2023-06-19T12:23:34+00:00\",\"breadcrumb\":{\"@id\":\"https:\/\/eudenismoveis.com.br\/index.php\/product\/aparador-com-pe-hairpin\/#breadcrumb\"},\"inLanguage\":\"pt-BR\",\"potentialAction\":[{\"@type\":\"ReadAction\",\"target\":[\"https:\/\/eudenismoveis.com.br\/index.php\/product\/aparador-com-pe-hairpin\/\"]}]},{\"@type\":\"BreadcrumbList\",\"@id\":\"https:\/\/eudenismoveis.com.br\/index.php\/product\/aparador-com-pe-hairpin\/#breadcrumb\",\"itemListElement\":[{\"@type\":\"ListItem\",\"position\":1,\"name\":\"In\u00edcio\",\"item\":\"https:\/\/eudenismoveis.com.br\/\"},{\"@type\":\"ListItem\",\"position\":2,\"name\":\"Produtos\",\"item\":\"https:\/\/eudenismoveis.com.br\/?page_id=10\"},{\"@type\":\"ListItem\",\"position\":3,\"name\":\"Aparador com p\u00e9 hairpin\"}]},{\"@type\":\"WebSite\",\"@id\":\"https:\/\/eudenismoveis.com.br\/#website\",\"url\":\"https:\/\/eudenismoveis.com.br\/\",\"name\":\"Eudenis M\u00f3veis R\u00fasticos\",\"description\":\"M\u00f3veis R\u00fasticos - Mesas, Cadeiras, Lumin\u00e1rias e Outros\",\"publisher\":{\"@id\":\"https:\/\/eudenismoveis.com.br\/#organization\"},\"potentialAction\":[{\"@type\":\"SearchAction\",\"target\":{\"@type\":\"EntryPoint\",\"urlTemplate\":\"https:\/\/eudenismoveis.com.br\/?s={search_term_string}\"},\"query-input\":\"required name=search_term_string\"}],\"inLanguage\":\"pt-BR\"},{\"@type\":\"Organization\",\"@id\":\"https:\/\/eudenismoveis.com.br\/#organization\",\"name\":\"Eudenis M\u00f3veis R\u00fasticos\",\"url\":\"https:\/\/eudenismoveis.com.br\/\",\"logo\":{\"@type\":\"ImageObject\",\"inLanguage\":\"pt-BR\",\"@id\":\"https:\/\/eudenismoveis.com.br\/#\/schema\/logo\/image\/\",\"url\":\"https:\/\/eudenismoveis.com.br\/wp-content\/uploads\/2023\/09\/vazada5.png\",\"contentUrl\":\"https:\/\/eudenismoveis.com.br\/wp-content\/uploads\/2023\/09\/vazada5.png\",\"width\":707,\"height\":706,\"caption\":\"Eudenis M\u00f3veis R\u00fasticos\"},\"image\":{\"@id\":\"https:\/\/eudenismoveis.com.br\/#\/schema\/logo\/image\/\"}}]}<\/script>\n<!-- \/ Yoast SEO plugin. -->","yoast_head_json":{"title":"Aparador com p\u00e9 hairpin - Eudenis M\u00f3veis R\u00fasticos","robots":{"index":"index","follow":"follow","max-snippet":"max-snippet:-1","max-image-preview":"max-image-preview:large","max-video-preview":"max-video-preview:-1"},"canonical":"https:\/\/eudenismoveis.com.br\/index.php\/product\/aparador-com-pe-hairpin\/","og_locale":"pt_BR","og_type":"article","og_title":"Aparador com p\u00e9 hairpin - Eudenis M\u00f3veis R\u00fasticos","og_description":"Um aparador com p\u00e9 hairpin \u00e9 um m\u00f3vel que combina o estilo r\u00fastico com um suporte em forma de &#8220;hairpin&#8221;. Os p\u00e9s hairpin s\u00e3o caracterizados por sua estrutura met\u00e1lica em forma de pernas finas e retas, lembrando o formato de um grampo de cabelo. Esses p\u00e9s conferem ao aparador um visual industrial, moderno e elegante. [&hellip;]","og_url":"https:\/\/eudenismoveis.com.br\/index.php\/product\/aparador-com-pe-hairpin\/","og_site_name":"Eudenis M\u00f3veis R\u00fasticos","og_image":[{"width":1024,"height":768,"url":"https:\/\/eudenismoveis.com.br\/wp-content\/uploads\/2023\/06\/Aparador-com-pe-hairpin-2.jpg","type":"image\/jpeg"}],"twitter_card":"summary_large_image","schema":{"@context":"https:\/\/schema.org","@graph":[{"@type":"WebPage","@id":"https:\/\/eudenismoveis.com.br\/index.php\/product\/aparador-com-pe-hairpin\/","url":"https:\/\/eudenismoveis.com.br\/index.php\/product\/aparador-com-pe-hairpin\/","name":"Aparador com p\u00e9 hairpin - Eudenis M\u00f3veis R\u00fasticos","isPartOf":{"@id":"https:\/\/eudenismoveis.com.br\/#website"},"datePublished":"2023-06-19T12:23:34+00:00","dateModified":"2023-06-19T12:23:34+00:00","breadcrumb":{"@id":"https:\/\/eudenismoveis.com.br\/index.php\/product\/aparador-com-pe-hairpin\/#breadcrumb"},"inLanguage":"pt-BR","potentialAction":[{"@type":"ReadAction","target":["https:\/\/eudenismoveis.com.br\/index.php\/product\/aparador-com-pe-hairpin\/"]}]},{"@type":"BreadcrumbList","@id":"https:\/\/eudenismoveis.com.br\/index.php\/product\/aparador-com-pe-hairpin\/#breadcrumb","itemListElement":[{"@type":"ListItem","position":1,"name":"In\u00edcio","item":"https:\/\/eudenismoveis.com.br\/"},{"@type":"ListItem","position":2,"name":"Produtos","item":"https:\/\/eudenismoveis.com.br\/?page_id=10"},{"@type":"ListItem","position":3,"name":"Aparador com p\u00e9 hairpin"}]},{"@type":"WebSite","@id":"https:\/\/eudenismoveis.com.br\/#website","url":"https:\/\/eudenismoveis.com.br\/","name":"Eudenis M\u00f3veis R\u00fasticos","description":"M\u00f3veis R\u00fasticos - Mesas, Cadeiras, Lumin\u00e1rias e Outros","publisher":{"@id":"https:\/\/eudenismoveis.com.br\/#organization"},"potentialAction":[{"@type":"SearchAction","target":{"@type":"EntryPoint","urlTemplate":"https:\/\/eudenismoveis.com.br\/?s={search_term_string}"},"query-input":"required name=search_term_string"}],"inLanguage":"pt-BR"},{"@type":"Organization","@id":"https:\/\/eudenismoveis.com.br\/#organization","name":"Eudenis M\u00f3veis R\u00fasticos","url":"https:\/\/eudenismoveis.com.br\/","logo":{"@type":"ImageObject","inLanguage":"pt-BR","@id":"https:\/\/eudenismoveis.com.br\/#\/schema\/logo\/image\/","url":"https:\/\/eudenismoveis.com.br\/wp-content\/uploads\/2023\/09\/vazada5.png","contentUrl":"https:\/\/eudenismoveis.com.br\/wp-content\/uploads\/2023\/09\/vazada5.png","width":707,"height":706,"caption":"Eudenis M\u00f3veis R\u00fasticos"},"image":{"@id":"https:\/\/eudenismoveis.com.br\/#\/schema\/logo\/image\/"}}]}},"_links":{"self":[{"href":"https:\/\/eudenismoveis.com.br\/index.php\/wp-json\/wp\/v2\/product\/829"}],"collection":[{"href":"https:\/\/eudenismoveis.com.br\/index.php\/wp-json\/wp\/v2\/product"}],"about":[{"href":"https:\/\/eudenismoveis.com.br\/index.php\/wp-json\/wp\/v2\/types\/product"}],"replies":[{"embeddable":true,"href":"https:\/\/eudenismoveis.com.br\/index.php\/wp-json\/wp\/v2\/comments?post=829"}],"version-history":[{"count":0,"href":"https:\/\/eudenismoveis.com.br\/index.php\/wp-json\/wp\/v2\/product\/829\/revisions"}],"wp:featuredmedia":[{"embeddable":true,"href":"https:\/\/eudenismoveis.com.br\/index.php\/wp-json\/wp\/v2\/media\/832"}],"wp:attachment":[{"href":"https:\/\/eudenismoveis.com.br\/index.php\/wp-json\/wp\/v2\/media?parent=829"}],"wp:term":[{"taxonomy":"product_cat","embeddable":true,"href":"https:\/\/eudenismoveis.com.br\/index.php\/wp-json\/wp\/v2\/product_cat?post=829"},{"taxonomy":"product_tag","embeddable":true,"href":"https:\/\/eudenismoveis.com.br\/index.php\/wp-json\/wp\/v2\/product_tag?post=829"}],"curies":[{"name":"wp","href":"https:\/\/api.w.org\/{rel}","templated":true}]}}