{"id":833,"date":"2023-06-19T09:25:57","date_gmt":"2023-06-19T12:25:57","guid":{"rendered":"https:\/\/eudenismoveis.com.br\/?post_type=product&#038;p=833"},"modified":"2026-04-11T20:28:15","modified_gmt":"2026-04-11T23:28:15","slug":"adornos","status":"publish","type":"product","link":"https:\/\/eudenismoveis.com.br\/index.php\/product\/adornos\/","title":{"rendered":"Adornos"},"content":{"rendered":"<p>Adornos s\u00e3o objetos decorativos utilizados para enfeitar e embelezar um espa\u00e7o. Eles s\u00e3o utilizados para adicionar personalidade, estilo e interesse visual a uma decora\u00e7\u00e3o. Existem in\u00fameras op\u00e7\u00f5es de adornos dispon\u00edveis, que podem ser escolhidos de acordo com o tema, estilo e prefer\u00eancias pessoais de cada indiv\u00edduo. Aqui est\u00e3o alguns exemplos comuns de adornos<\/p>\n","protected":false},"excerpt":{"rendered":"<p>Adornos s\u00e3o objetos decorativos utilizados para enfeitar e embelezar um espa\u00e7o. Eles s\u00e3o utilizados para adicionar personalidade, estilo e interesse visual a uma decora\u00e7\u00e3o. Existem in\u00fameras op\u00e7\u00f5es de adornos dispon\u00edveis, que podem ser escolhidos de acordo com o tema, estilo e prefer\u00eancias pessoais de cada indiv\u00edduo. Aqui est\u00e3o alguns exemplos comuns de adornos<\/p>\n","protected":false},"featured_media":842,"comment_status":"open","ping_status":"closed","template":"","meta":[],"product_cat":[33],"product_tag":[],"yoast_head":"<!-- This site is optimized with the Yoast SEO plugin v21.1 - https:\/\/yoast.com\/wordpress\/plugins\/seo\/ -->\n<title>Adornos - Eudenis M\u00f3veis R\u00fasticos<\/title>\n<meta name=\"robots\" content=\"index, follow, max-snippet:-1, max-image-preview:large, max-video-preview:-1\" \/>\n<link rel=\"canonical\" href=\"https:\/\/eudenismoveis.com.br\/index.php\/product\/adornos\/\" \/>\n<meta property=\"og:locale\" content=\"pt_BR\" \/>\n<meta property=\"og:type\" content=\"article\" \/>\n<meta property=\"og:title\" content=\"Adornos - Eudenis M\u00f3veis R\u00fasticos\" \/>\n<meta property=\"og:description\" content=\"Adornos s\u00e3o objetos decorativos utilizados para enfeitar e embelezar um espa\u00e7o. Eles s\u00e3o utilizados para adicionar personalidade, estilo e interesse visual a uma decora\u00e7\u00e3o. Existem in\u00fameras op\u00e7\u00f5es de adornos dispon\u00edveis, que podem ser escolhidos de acordo com o tema, estilo e prefer\u00eancias pessoais de cada indiv\u00edduo. Aqui est\u00e3o alguns exemplos comuns de adornos\" \/>\n<meta property=\"og:url\" content=\"https:\/\/eudenismoveis.com.br\/index.php\/product\/adornos\/\" \/>\n<meta property=\"og:site_name\" content=\"Eudenis M\u00f3veis R\u00fasticos\" \/>\n<meta property=\"article:modified_time\" content=\"2026-04-11T23:28:15+00:00\" \/>\n<meta property=\"og:image\" content=\"https:\/\/eudenismoveis.com.br\/wp-content\/uploads\/2023\/06\/Adornos-3.jpg\" \/>\n\t<meta property=\"og:image:width\" content=\"576\" \/>\n\t<meta property=\"og:image:height\" content=\"768\" \/>\n\t<meta property=\"og:image:type\" content=\"image\/jpeg\" \/>\n<meta name=\"twitter:card\" content=\"summary_large_image\" \/>\n<script type=\"application\/ld+json\" class=\"yoast-schema-graph\">{\"@context\":\"https:\/\/schema.org\",\"@graph\":[{\"@type\":\"WebPage\",\"@id\":\"https:\/\/eudenismoveis.com.br\/index.php\/product\/adornos\/\",\"url\":\"https:\/\/eudenismoveis.com.br\/index.php\/product\/adornos\/\",\"name\":\"Adornos - Eudenis M\u00f3veis R\u00fasticos\",\"isPartOf\":{\"@id\":\"https:\/\/eudenismoveis.com.br\/#website\"},\"datePublished\":\"2023-06-19T12:25:57+00:00\",\"dateModified\":\"2026-04-11T23:28:15+00:00\",\"breadcrumb\":{\"@id\":\"https:\/\/eudenismoveis.com.br\/index.php\/product\/adornos\/#breadcrumb\"},\"inLanguage\":\"pt-BR\",\"potentialAction\":[{\"@type\":\"ReadAction\",\"target\":[\"https:\/\/eudenismoveis.com.br\/index.php\/product\/adornos\/\"]}]},{\"@type\":\"BreadcrumbList\",\"@id\":\"https:\/\/eudenismoveis.com.br\/index.php\/product\/adornos\/#breadcrumb\",\"itemListElement\":[{\"@type\":\"ListItem\",\"position\":1,\"name\":\"In\u00edcio\",\"item\":\"https:\/\/eudenismoveis.com.br\/\"},{\"@type\":\"ListItem\",\"position\":2,\"name\":\"Produtos\",\"item\":\"https:\/\/eudenismoveis.com.br\/?page_id=10\"},{\"@type\":\"ListItem\",\"position\":3,\"name\":\"Adornos\"}]},{\"@type\":\"WebSite\",\"@id\":\"https:\/\/eudenismoveis.com.br\/#website\",\"url\":\"https:\/\/eudenismoveis.com.br\/\",\"name\":\"Eudenis M\u00f3veis R\u00fasticos\",\"description\":\"M\u00f3veis R\u00fasticos - Mesas, Cadeiras, Lumin\u00e1rias e Outros\",\"publisher\":{\"@id\":\"https:\/\/eudenismoveis.com.br\/#organization\"},\"potentialAction\":[{\"@type\":\"SearchAction\",\"target\":{\"@type\":\"EntryPoint\",\"urlTemplate\":\"https:\/\/eudenismoveis.com.br\/?s={search_term_string}\"},\"query-input\":\"required name=search_term_string\"}],\"inLanguage\":\"pt-BR\"},{\"@type\":\"Organization\",\"@id\":\"https:\/\/eudenismoveis.com.br\/#organization\",\"name\":\"Eudenis M\u00f3veis R\u00fasticos\",\"url\":\"https:\/\/eudenismoveis.com.br\/\",\"logo\":{\"@type\":\"ImageObject\",\"inLanguage\":\"pt-BR\",\"@id\":\"https:\/\/eudenismoveis.com.br\/#\/schema\/logo\/image\/\",\"url\":\"https:\/\/eudenismoveis.com.br\/wp-content\/uploads\/2023\/09\/vazada5.png\",\"contentUrl\":\"https:\/\/eudenismoveis.com.br\/wp-content\/uploads\/2023\/09\/vazada5.png\",\"width\":707,\"height\":706,\"caption\":\"Eudenis M\u00f3veis R\u00fasticos\"},\"image\":{\"@id\":\"https:\/\/eudenismoveis.com.br\/#\/schema\/logo\/image\/\"}}]}<\/script>\n<!-- \/ Yoast SEO plugin. -->","yoast_head_json":{"title":"Adornos - Eudenis M\u00f3veis R\u00fasticos","robots":{"index":"index","follow":"follow","max-snippet":"max-snippet:-1","max-image-preview":"max-image-preview:large","max-video-preview":"max-video-preview:-1"},"canonical":"https:\/\/eudenismoveis.com.br\/index.php\/product\/adornos\/","og_locale":"pt_BR","og_type":"article","og_title":"Adornos - Eudenis M\u00f3veis R\u00fasticos","og_description":"Adornos s\u00e3o objetos decorativos utilizados para enfeitar e embelezar um espa\u00e7o. Eles s\u00e3o utilizados para adicionar personalidade, estilo e interesse visual a uma decora\u00e7\u00e3o. Existem in\u00fameras op\u00e7\u00f5es de adornos dispon\u00edveis, que podem ser escolhidos de acordo com o tema, estilo e prefer\u00eancias pessoais de cada indiv\u00edduo. Aqui est\u00e3o alguns exemplos comuns de adornos","og_url":"https:\/\/eudenismoveis.com.br\/index.php\/product\/adornos\/","og_site_name":"Eudenis M\u00f3veis R\u00fasticos","article_modified_time":"2026-04-11T23:28:15+00:00","og_image":[{"width":576,"height":768,"url":"https:\/\/eudenismoveis.com.br\/wp-content\/uploads\/2023\/06\/Adornos-3.jpg","type":"image\/jpeg"}],"twitter_card":"summary_large_image","schema":{"@context":"https:\/\/schema.org","@graph":[{"@type":"WebPage","@id":"https:\/\/eudenismoveis.com.br\/index.php\/product\/adornos\/","url":"https:\/\/eudenismoveis.com.br\/index.php\/product\/adornos\/","name":"Adornos - Eudenis M\u00f3veis R\u00fasticos","isPartOf":{"@id":"https:\/\/eudenismoveis.com.br\/#website"},"datePublished":"2023-06-19T12:25:57+00:00","dateModified":"2026-04-11T23:28:15+00:00","breadcrumb":{"@id":"https:\/\/eudenismoveis.com.br\/index.php\/product\/adornos\/#breadcrumb"},"inLanguage":"pt-BR","potentialAction":[{"@type":"ReadAction","target":["https:\/\/eudenismoveis.com.br\/index.php\/product\/adornos\/"]}]},{"@type":"BreadcrumbList","@id":"https:\/\/eudenismoveis.com.br\/index.php\/product\/adornos\/#breadcrumb","itemListElement":[{"@type":"ListItem","position":1,"name":"In\u00edcio","item":"https:\/\/eudenismoveis.com.br\/"},{"@type":"ListItem","position":2,"name":"Produtos","item":"https:\/\/eudenismoveis.com.br\/?page_id=10"},{"@type":"ListItem","position":3,"name":"Adornos"}]},{"@type":"WebSite","@id":"https:\/\/eudenismoveis.com.br\/#website","url":"https:\/\/eudenismoveis.com.br\/","name":"Eudenis M\u00f3veis R\u00fasticos","description":"M\u00f3veis R\u00fasticos - Mesas, Cadeiras, Lumin\u00e1rias e Outros","publisher":{"@id":"https:\/\/eudenismoveis.com.br\/#organization"},"potentialAction":[{"@type":"SearchAction","target":{"@type":"EntryPoint","urlTemplate":"https:\/\/eudenismoveis.com.br\/?s={search_term_string}"},"query-input":"required name=search_term_string"}],"inLanguage":"pt-BR"},{"@type":"Organization","@id":"https:\/\/eudenismoveis.com.br\/#organization","name":"Eudenis M\u00f3veis R\u00fasticos","url":"https:\/\/eudenismoveis.com.br\/","logo":{"@type":"ImageObject","inLanguage":"pt-BR","@id":"https:\/\/eudenismoveis.com.br\/#\/schema\/logo\/image\/","url":"https:\/\/eudenismoveis.com.br\/wp-content\/uploads\/2023\/09\/vazada5.png","contentUrl":"https:\/\/eudenismoveis.com.br\/wp-content\/uploads\/2023\/09\/vazada5.png","width":707,"height":706,"caption":"Eudenis M\u00f3veis R\u00fasticos"},"image":{"@id":"https:\/\/eudenismoveis.com.br\/#\/schema\/logo\/image\/"}}]}},"_links":{"self":[{"href":"https:\/\/eudenismoveis.com.br\/index.php\/wp-json\/wp\/v2\/product\/833"}],"collection":[{"href":"https:\/\/eudenismoveis.com.br\/index.php\/wp-json\/wp\/v2\/product"}],"about":[{"href":"https:\/\/eudenismoveis.com.br\/index.php\/wp-json\/wp\/v2\/types\/product"}],"replies":[{"embeddable":true,"href":"https:\/\/eudenismoveis.com.br\/index.php\/wp-json\/wp\/v2\/comments?post=833"}],"version-history":[{"count":0,"href":"https:\/\/eudenismoveis.com.br\/index.php\/wp-json\/wp\/v2\/product\/833\/revisions"}],"wp:featuredmedia":[{"embeddable":true,"href":"https:\/\/eudenismoveis.com.br\/index.php\/wp-json\/wp\/v2\/media\/842"}],"wp:attachment":[{"href":"https:\/\/eudenismoveis.com.br\/index.php\/wp-json\/wp\/v2\/media?parent=833"}],"wp:term":[{"taxonomy":"product_cat","embeddable":true,"href":"https:\/\/eudenismoveis.com.br\/index.php\/wp-json\/wp\/v2\/product_cat?post=833"},{"taxonomy":"product_tag","embeddable":true,"href":"https:\/\/eudenismoveis.com.br\/index.php\/wp-json\/wp\/v2\/product_tag?post=833"}],"curies":[{"name":"wp","href":"https:\/\/api.w.org\/{rel}","templated":true}]}}